{"id":13382,"date":"2021-01-05T10:28:20","date_gmt":"2021-01-05T10:28:20","guid":{"rendered":"https:\/\/lighthouseonline.com\/?page_id=13382"},"modified":"2021-01-05T12:33:31","modified_gmt":"2021-01-05T12:33:31","slug":"remote-simultaneous-interpreting","status":"publish","type":"page","link":"https:\/\/www.lighthouseonline.com\/es\/remote-simultaneous-interpreting\/","title":{"rendered":"Interpretaci\u00f3n Simult\u00e1nea Remota"},"content":{"rendered":"<div id=\"cs-content\" class=\"cs-content\"><\/div>\n","protected":false},"excerpt":{"rendered":"<p>Interpretaci\u00f3n Simult\u00e1nea RemotaYa que el trabajo remoto se ha hecho cada vez m\u00e1s popular en los \u00faltimos a\u00f1os, no debe ser sorpresa que el fen\u00f3meno de trabajar desde la casa &#8230;<\/p>\n","protected":false},"author":2,"featured_media":0,"parent":0,"menu_order":0,"comment_status":"closed","ping_status":"closed","template":"template-blank-4.php","meta":{"content-type":"","footnotes":""},"class_list":["post-13382","page","type-page","status-publish","hentry","no-post-thumbnail"],"yoast_head":"<!-- This site is optimized with the Yoast SEO Premium plugin v27.2 (Yoast SEO v27.2) - https:\/\/yoast.com\/product\/yoast-seo-premium-wordpress\/ -->\n<title>Interpretaci\u00f3n Simult\u00e1nea Remota | Lighthouse Translations<\/title>\n<meta name=\"robots\" content=\"index, follow, max-snippet:-1, max-image-preview:large, max-video-preview:-1\" \/>\n<link rel=\"canonical\" href=\"https:\/\/www.lighthouseonline.com\/es\/remote-simultaneous-interpreting\/\" \/>\n<meta property=\"og:locale\" content=\"es_ES\" \/>\n<meta property=\"og:type\" content=\"article\" \/>\n<meta property=\"og:title\" content=\"Interpretaci\u00f3n Simult\u00e1nea Remota\" \/>\n<meta property=\"og:description\" content=\"Interpretaci\u00f3n Simult\u00e1nea RemotaYa que el trabajo remoto se ha hecho cada vez m\u00e1s popular en los \u00faltimos a\u00f1os, no debe ser sorpresa que el fen\u00f3meno de trabajar desde la casa ...\" \/>\n<meta property=\"og:url\" content=\"https:\/\/www.lighthouseonline.com\/es\/remote-simultaneous-interpreting\/\" \/>\n<meta property=\"og:site_name\" content=\"Lighthouse Translations\" \/>\n<meta property=\"article:publisher\" content=\"https:\/\/www.facebook.com\/LighthouseTransations\/\" \/>\n<meta property=\"article:modified_time\" content=\"2021-01-05T12:33:31+00:00\" \/>\n<meta property=\"og:image\" content=\"https:\/\/lighthouseonline.com\/wp-content\/uploads\/2020\/10\/photo-1573497019509-d715a631bbe5.jpg\" \/>\n<meta name=\"twitter:card\" content=\"summary_large_image\" \/>\n<meta name=\"twitter:site\" content=\"@LHTranslations\" \/>\n<meta name=\"twitter:label1\" content=\"Tiempo de lectura\" \/>\n\t<meta name=\"twitter:data1\" content=\"18 minutos\" \/>\n<script type=\"application\/ld+json\" class=\"yoast-schema-graph\">{\"@context\":\"https:\/\/schema.org\",\"@graph\":[{\"@type\":\"WebPage\",\"@id\":\"https:\/\/www.lighthouseonline.com\/es\/remote-simultaneous-interpreting\/\",\"url\":\"https:\/\/www.lighthouseonline.com\/es\/remote-simultaneous-interpreting\/\",\"name\":\"Interpretaci\u00f3n Simult\u00e1nea Remota | Lighthouse Translations\",\"isPartOf\":{\"@id\":\"https:\/\/www.lighthouseonline.com\/#website\"},\"primaryImageOfPage\":{\"@id\":\"https:\/\/www.lighthouseonline.com\/es\/remote-simultaneous-interpreting\/#primaryimage\"},\"image\":{\"@id\":\"https:\/\/www.lighthouseonline.com\/es\/remote-simultaneous-interpreting\/#primaryimage\"},\"thumbnailUrl\":\"https:\/\/lighthouseonline.com\/wp-content\/uploads\/2020\/10\/photo-1573497019509-d715a631bbe5.jpg\",\"datePublished\":\"2021-01-05T10:28:20+00:00\",\"dateModified\":\"2021-01-05T12:33:31+00:00\",\"breadcrumb\":{\"@id\":\"https:\/\/www.lighthouseonline.com\/es\/remote-simultaneous-interpreting\/#breadcrumb\"},\"inLanguage\":\"es\",\"potentialAction\":[{\"@type\":\"ReadAction\",\"target\":[\"https:\/\/www.lighthouseonline.com\/es\/remote-simultaneous-interpreting\/\"]}]},{\"@type\":\"ImageObject\",\"inLanguage\":\"es\",\"@id\":\"https:\/\/www.lighthouseonline.com\/es\/remote-simultaneous-interpreting\/#primaryimage\",\"url\":\"https:\/\/lighthouseonline.com\/wp-content\/uploads\/2020\/10\/photo-1573497019509-d715a631bbe5.jpg\",\"contentUrl\":\"https:\/\/lighthouseonline.com\/wp-content\/uploads\/2020\/10\/photo-1573497019509-d715a631bbe5.jpg\"},{\"@type\":\"BreadcrumbList\",\"@id\":\"https:\/\/www.lighthouseonline.com\/es\/remote-simultaneous-interpreting\/#breadcrumb\",\"itemListElement\":[{\"@type\":\"ListItem\",\"position\":1,\"name\":\"Home\",\"item\":\"https:\/\/www.lighthouseonline.com\/es\/\"},{\"@type\":\"ListItem\",\"position\":2,\"name\":\"Interpretaci\u00f3n Simult\u00e1nea Remota\"}]},{\"@type\":\"WebSite\",\"@id\":\"https:\/\/www.lighthouseonline.com\/#website\",\"url\":\"https:\/\/www.lighthouseonline.com\/\",\"name\":\"Lighthouse Translations\",\"description\":\"Translations &amp; Interpretations\",\"potentialAction\":[{\"@type\":\"SearchAction\",\"target\":{\"@type\":\"EntryPoint\",\"urlTemplate\":\"https:\/\/www.lighthouseonline.com\/?s={search_term_string}\"},\"query-input\":{\"@type\":\"PropertyValueSpecification\",\"valueRequired\":true,\"valueName\":\"search_term_string\"}}],\"inLanguage\":\"es\"}]}<\/script>\n<!-- \/ Yoast SEO Premium plugin. -->","yoast_head_json":{"title":"Interpretaci\u00f3n Simult\u00e1nea Remota | Lighthouse Translations","robots":{"index":"index","follow":"follow","max-snippet":"max-snippet:-1","max-image-preview":"max-image-preview:large","max-video-preview":"max-video-preview:-1"},"canonical":"https:\/\/www.lighthouseonline.com\/es\/remote-simultaneous-interpreting\/","og_locale":"es_ES","og_type":"article","og_title":"Interpretaci\u00f3n Simult\u00e1nea Remota","og_description":"Interpretaci\u00f3n Simult\u00e1nea RemotaYa que el trabajo remoto se ha hecho cada vez m\u00e1s popular en los \u00faltimos a\u00f1os, no debe ser sorpresa que el fen\u00f3meno de trabajar desde la casa ...","og_url":"https:\/\/www.lighthouseonline.com\/es\/remote-simultaneous-interpreting\/","og_site_name":"Lighthouse Translations","article_publisher":"https:\/\/www.facebook.com\/LighthouseTransations\/","article_modified_time":"2021-01-05T12:33:31+00:00","og_image":[{"url":"https:\/\/lighthouseonline.com\/wp-content\/uploads\/2020\/10\/photo-1573497019509-d715a631bbe5.jpg","type":"","width":"","height":""}],"twitter_card":"summary_large_image","twitter_site":"@LHTranslations","twitter_misc":{"Tiempo de lectura":"18 minutos"},"schema":{"@context":"https:\/\/schema.org","@graph":[{"@type":"WebPage","@id":"https:\/\/www.lighthouseonline.com\/es\/remote-simultaneous-interpreting\/","url":"https:\/\/www.lighthouseonline.com\/es\/remote-simultaneous-interpreting\/","name":"Interpretaci\u00f3n Simult\u00e1nea Remota | Lighthouse Translations","isPartOf":{"@id":"https:\/\/www.lighthouseonline.com\/#website"},"primaryImageOfPage":{"@id":"https:\/\/www.lighthouseonline.com\/es\/remote-simultaneous-interpreting\/#primaryimage"},"image":{"@id":"https:\/\/www.lighthouseonline.com\/es\/remote-simultaneous-interpreting\/#primaryimage"},"thumbnailUrl":"https:\/\/lighthouseonline.com\/wp-content\/uploads\/2020\/10\/photo-1573497019509-d715a631bbe5.jpg","datePublished":"2021-01-05T10:28:20+00:00","dateModified":"2021-01-05T12:33:31+00:00","breadcrumb":{"@id":"https:\/\/www.lighthouseonline.com\/es\/remote-simultaneous-interpreting\/#breadcrumb"},"inLanguage":"es","potentialAction":[{"@type":"ReadAction","target":["https:\/\/www.lighthouseonline.com\/es\/remote-simultaneous-interpreting\/"]}]},{"@type":"ImageObject","inLanguage":"es","@id":"https:\/\/www.lighthouseonline.com\/es\/remote-simultaneous-interpreting\/#primaryimage","url":"https:\/\/lighthouseonline.com\/wp-content\/uploads\/2020\/10\/photo-1573497019509-d715a631bbe5.jpg","contentUrl":"https:\/\/lighthouseonline.com\/wp-content\/uploads\/2020\/10\/photo-1573497019509-d715a631bbe5.jpg"},{"@type":"BreadcrumbList","@id":"https:\/\/www.lighthouseonline.com\/es\/remote-simultaneous-interpreting\/#breadcrumb","itemListElement":[{"@type":"ListItem","position":1,"name":"Home","item":"https:\/\/www.lighthouseonline.com\/es\/"},{"@type":"ListItem","position":2,"name":"Interpretaci\u00f3n Simult\u00e1nea Remota"}]},{"@type":"WebSite","@id":"https:\/\/www.lighthouseonline.com\/#website","url":"https:\/\/www.lighthouseonline.com\/","name":"Lighthouse Translations","description":"Translations &amp; Interpretations","potentialAction":[{"@type":"SearchAction","target":{"@type":"EntryPoint","urlTemplate":"https:\/\/www.lighthouseonline.com\/?s={search_term_string}"},"query-input":{"@type":"PropertyValueSpecification","valueRequired":true,"valueName":"search_term_string"}}],"inLanguage":"es"}]}},"rttpg_featured_image_url":null,"rttpg_author":{"display_name":"Rafael Morel","author_link":"https:\/\/www.lighthouseonline.com\/es\/author\/rafael\/"},"rttpg_comment":0,"rttpg_category":" <a href=\"https:\/\/www.lighthouseonline.com\/?taxonomy=translation_priority&#038;term=optional\" rel=\"tag\">Optional<\/a>","rttpg_excerpt":"Interpretaci\u00f3n Simult\u00e1nea RemotaYa que el trabajo remoto se ha hecho cada vez m\u00e1s popular en los \u00faltimos a\u00f1os, no debe ser sorpresa que el fen\u00f3meno de trabajar desde la casa ...","_links":{"self":[{"href":"https:\/\/www.lighthouseonline.com\/es\/wp-json\/wp\/v2\/pages\/13382","targetHints":{"allow":["GET"]}}],"collection":[{"href":"https:\/\/www.lighthouseonline.com\/es\/wp-json\/wp\/v2\/pages"}],"about":[{"href":"https:\/\/www.lighthouseonline.com\/es\/wp-json\/wp\/v2\/types\/page"}],"author":[{"embeddable":true,"href":"https:\/\/www.lighthouseonline.com\/es\/wp-json\/wp\/v2\/users\/2"}],"replies":[{"embeddable":true,"href":"https:\/\/www.lighthouseonline.com\/es\/wp-json\/wp\/v2\/comments?post=13382"}],"version-history":[{"count":7,"href":"https:\/\/www.lighthouseonline.com\/es\/wp-json\/wp\/v2\/pages\/13382\/revisions"}],"predecessor-version":[{"id":13416,"href":"https:\/\/www.lighthouseonline.com\/es\/wp-json\/wp\/v2\/pages\/13382\/revisions\/13416"}],"wp:attachment":[{"href":"https:\/\/www.lighthouseonline.com\/es\/wp-json\/wp\/v2\/media?parent=13382"}],"curies":[{"name":"wp","href":"https:\/\/api.w.org\/{rel}","templated":true}]}}