{"id":7786,"date":"2015-04-08T18:39:04","date_gmt":"2015-04-08T23:39:04","guid":{"rendered":"https:\/\/lighthouseonline.com\/es\/home-2\/"},"modified":"2023-06-14T08:31:28","modified_gmt":"2023-06-14T08:31:28","slug":"inicio","status":"publish","type":"page","link":"https:\/\/www.lighthouseonline.com\/es\/","title":{"rendered":"Inicio"},"content":{"rendered":"<div id=\"cs-content\" class=\"cs-content\"><\/div>\n","protected":false},"excerpt":{"rendered":"<p>var lsjQuery = jQuery;lsjQuery(document).ready(function() { if(typeof lsjQuery.fn.layerSlider == \u00abundefined\u00bb) { if( window._layerSlider &#038;&#038; window._layerSlider.showNotice) { window._layerSlider.showNotice(&#8216;layerslider_23_3&#8242;,&#8217;jquery&#8217;); } } else { lsjQuery(\u00ab#layerslider_23_3\u00bb).layerSlider({sliderVersion: &#8216;6.10.2&#8217;, type: &#8216;fullwidth&#8217;, responsiveUnder: 1280, pauseOnHover: 1, skin: &#8216;noskin&#8217;, &#8230;<\/p>\n","protected":false},"author":1,"featured_media":0,"parent":0,"menu_order":0,"comment_status":"closed","ping_status":"closed","template":"template-blank-4.php","meta":{"content-type":"","footnotes":""},"class_list":["post-7786","page","type-page","status-publish","hentry","no-post-thumbnail"],"yoast_head":"<!-- This site is optimized with the Yoast SEO Premium plugin v27.2 (Yoast SEO v27.2) - https:\/\/yoast.com\/product\/yoast-seo-premium-wordpress\/ -->\n<title>Inicio | Lighthouse Translations<\/title>\n<meta name=\"description\" content=\"Ofrece servicios de interpretaci\u00f3n simult\u00e1nea de expertos para conferencias y reuniones de negocios. Haga clic y aprende m\u00e1s acerca de nuestros servicios.\" \/>\n<meta name=\"robots\" content=\"index, follow, max-snippet:-1, max-image-preview:large, max-video-preview:-1\" \/>\n<link rel=\"canonical\" href=\"https:\/\/www.lighthouseonline.com\/es\/\" \/>\n<meta property=\"og:locale\" content=\"es_ES\" \/>\n<meta property=\"og:type\" content=\"article\" \/>\n<meta property=\"og:title\" content=\"Inicio\" \/>\n<meta property=\"og:description\" content=\"Ofrece servicios de interpretaci\u00f3n simult\u00e1nea de expertos para conferencias y reuniones de negocios. Haga clic y aprende m\u00e1s acerca de nuestros servicios.\" \/>\n<meta property=\"og:url\" content=\"https:\/\/www.lighthouseonline.com\/es\/\" \/>\n<meta property=\"og:site_name\" content=\"Lighthouse Translations\" \/>\n<meta property=\"article:publisher\" content=\"https:\/\/www.facebook.com\/LighthouseTransations\/\" \/>\n<meta property=\"article:modified_time\" content=\"2023-06-14T08:31:28+00:00\" \/>\n<meta property=\"og:image\" content=\"https:\/\/lighthouseonline.com\/wp-content\/uploads\/2019\/07\/slide1a.jpg\" \/>\n<meta name=\"twitter:card\" content=\"summary_large_image\" \/>\n<meta name=\"twitter:site\" content=\"@LHTranslations\" \/>\n<meta name=\"twitter:label1\" content=\"Tiempo de lectura\" \/>\n\t<meta name=\"twitter:data1\" content=\"21 minutos\" \/>\n<script type=\"application\/ld+json\" class=\"yoast-schema-graph\">{\"@context\":\"https:\/\/schema.org\",\"@graph\":[{\"@type\":\"WebPage\",\"@id\":\"https:\/\/www.lighthouseonline.com\/es\/\",\"url\":\"https:\/\/www.lighthouseonline.com\/es\/\",\"name\":\"Inicio | Lighthouse Translations\",\"isPartOf\":{\"@id\":\"https:\/\/www.lighthouseonline.com\/#website\"},\"primaryImageOfPage\":{\"@id\":\"https:\/\/www.lighthouseonline.com\/es\/#primaryimage\"},\"image\":{\"@id\":\"https:\/\/www.lighthouseonline.com\/es\/#primaryimage\"},\"thumbnailUrl\":\"https:\/\/lighthouseonline.com\/wp-content\/uploads\/2019\/07\/slide1a.jpg\",\"datePublished\":\"2015-04-08T23:39:04+00:00\",\"dateModified\":\"2023-06-14T08:31:28+00:00\",\"description\":\"Ofrece servicios de interpretaci\u00f3n simult\u00e1nea de expertos para conferencias y reuniones de negocios. Haga clic y aprende m\u00e1s acerca de nuestros servicios.\",\"breadcrumb\":{\"@id\":\"https:\/\/www.lighthouseonline.com\/es\/#breadcrumb\"},\"inLanguage\":\"es\",\"potentialAction\":[{\"@type\":\"ReadAction\",\"target\":[\"https:\/\/www.lighthouseonline.com\/es\/\"]}]},{\"@type\":\"ImageObject\",\"inLanguage\":\"es\",\"@id\":\"https:\/\/www.lighthouseonline.com\/es\/#primaryimage\",\"url\":\"https:\/\/lighthouseonline.com\/wp-content\/uploads\/2019\/07\/slide1a.jpg\",\"contentUrl\":\"https:\/\/lighthouseonline.com\/wp-content\/uploads\/2019\/07\/slide1a.jpg\"},{\"@type\":\"BreadcrumbList\",\"@id\":\"https:\/\/www.lighthouseonline.com\/es\/#breadcrumb\",\"itemListElement\":[{\"@type\":\"ListItem\",\"position\":1,\"name\":\"Home\",\"item\":\"https:\/\/www.lighthouseonline.com\/es\/\"},{\"@type\":\"ListItem\",\"position\":2,\"name\":\"Inicio\"}]},{\"@type\":\"WebSite\",\"@id\":\"https:\/\/www.lighthouseonline.com\/#website\",\"url\":\"https:\/\/www.lighthouseonline.com\/\",\"name\":\"Lighthouse Translations\",\"description\":\"Translations &amp; Interpretations\",\"potentialAction\":[{\"@type\":\"SearchAction\",\"target\":{\"@type\":\"EntryPoint\",\"urlTemplate\":\"https:\/\/www.lighthouseonline.com\/?s={search_term_string}\"},\"query-input\":{\"@type\":\"PropertyValueSpecification\",\"valueRequired\":true,\"valueName\":\"search_term_string\"}}],\"inLanguage\":\"es\"}]}<\/script>\n<!-- \/ Yoast SEO Premium plugin. -->","yoast_head_json":{"title":"Inicio | Lighthouse Translations","description":"Ofrece servicios de interpretaci\u00f3n simult\u00e1nea de expertos para conferencias y reuniones de negocios. Haga clic y aprende m\u00e1s acerca de nuestros servicios.","robots":{"index":"index","follow":"follow","max-snippet":"max-snippet:-1","max-image-preview":"max-image-preview:large","max-video-preview":"max-video-preview:-1"},"canonical":"https:\/\/www.lighthouseonline.com\/es\/","og_locale":"es_ES","og_type":"article","og_title":"Inicio","og_description":"Ofrece servicios de interpretaci\u00f3n simult\u00e1nea de expertos para conferencias y reuniones de negocios. Haga clic y aprende m\u00e1s acerca de nuestros servicios.","og_url":"https:\/\/www.lighthouseonline.com\/es\/","og_site_name":"Lighthouse Translations","article_publisher":"https:\/\/www.facebook.com\/LighthouseTransations\/","article_modified_time":"2023-06-14T08:31:28+00:00","og_image":[{"url":"https:\/\/lighthouseonline.com\/wp-content\/uploads\/2019\/07\/slide1a.jpg","type":"","width":"","height":""}],"twitter_card":"summary_large_image","twitter_site":"@LHTranslations","twitter_misc":{"Tiempo de lectura":"21 minutos"},"schema":{"@context":"https:\/\/schema.org","@graph":[{"@type":"WebPage","@id":"https:\/\/www.lighthouseonline.com\/es\/","url":"https:\/\/www.lighthouseonline.com\/es\/","name":"Inicio | Lighthouse Translations","isPartOf":{"@id":"https:\/\/www.lighthouseonline.com\/#website"},"primaryImageOfPage":{"@id":"https:\/\/www.lighthouseonline.com\/es\/#primaryimage"},"image":{"@id":"https:\/\/www.lighthouseonline.com\/es\/#primaryimage"},"thumbnailUrl":"https:\/\/lighthouseonline.com\/wp-content\/uploads\/2019\/07\/slide1a.jpg","datePublished":"2015-04-08T23:39:04+00:00","dateModified":"2023-06-14T08:31:28+00:00","description":"Ofrece servicios de interpretaci\u00f3n simult\u00e1nea de expertos para conferencias y reuniones de negocios. Haga clic y aprende m\u00e1s acerca de nuestros servicios.","breadcrumb":{"@id":"https:\/\/www.lighthouseonline.com\/es\/#breadcrumb"},"inLanguage":"es","potentialAction":[{"@type":"ReadAction","target":["https:\/\/www.lighthouseonline.com\/es\/"]}]},{"@type":"ImageObject","inLanguage":"es","@id":"https:\/\/www.lighthouseonline.com\/es\/#primaryimage","url":"https:\/\/lighthouseonline.com\/wp-content\/uploads\/2019\/07\/slide1a.jpg","contentUrl":"https:\/\/lighthouseonline.com\/wp-content\/uploads\/2019\/07\/slide1a.jpg"},{"@type":"BreadcrumbList","@id":"https:\/\/www.lighthouseonline.com\/es\/#breadcrumb","itemListElement":[{"@type":"ListItem","position":1,"name":"Home","item":"https:\/\/www.lighthouseonline.com\/es\/"},{"@type":"ListItem","position":2,"name":"Inicio"}]},{"@type":"WebSite","@id":"https:\/\/www.lighthouseonline.com\/#website","url":"https:\/\/www.lighthouseonline.com\/","name":"Lighthouse Translations","description":"Translations &amp; Interpretations","potentialAction":[{"@type":"SearchAction","target":{"@type":"EntryPoint","urlTemplate":"https:\/\/www.lighthouseonline.com\/?s={search_term_string}"},"query-input":{"@type":"PropertyValueSpecification","valueRequired":true,"valueName":"search_term_string"}}],"inLanguage":"es"}]}},"rttpg_featured_image_url":null,"rttpg_author":{"display_name":"support","author_link":"https:\/\/www.lighthouseonline.com\/es\/author\/support\/"},"rttpg_comment":0,"rttpg_category":" <a href=\"https:\/\/www.lighthouseonline.com\/?taxonomy=translation_priority&#038;term=optional\" rel=\"tag\">Optional<\/a>","rttpg_excerpt":"var lsjQuery = jQuery;lsjQuery(document).ready(function() { if(typeof lsjQuery.fn.layerSlider == \u00abundefined\u00bb) { if( window._layerSlider &#038;&#038; window._layerSlider.showNotice) { window._layerSlider.showNotice(&#8216;layerslider_23_3&#8242;,&#8217;jquery&#8217;); } } else { lsjQuery(\u00ab#layerslider_23_3\u00bb).layerSlider({sliderVersion: &#8216;6.10.2&#8217;, type: &#8216;fullwidth&#8217;, responsiveUnder: 1280, pauseOnHover: 1, skin: &#8216;noskin&#8217;, ...","_links":{"self":[{"href":"https:\/\/www.lighthouseonline.com\/es\/wp-json\/wp\/v2\/pages\/7786","targetHints":{"allow":["GET"]}}],"collection":[{"href":"https:\/\/www.lighthouseonline.com\/es\/wp-json\/wp\/v2\/pages"}],"about":[{"href":"https:\/\/www.lighthouseonline.com\/es\/wp-json\/wp\/v2\/types\/page"}],"author":[{"embeddable":true,"href":"https:\/\/www.lighthouseonline.com\/es\/wp-json\/wp\/v2\/users\/1"}],"replies":[{"embeddable":true,"href":"https:\/\/www.lighthouseonline.com\/es\/wp-json\/wp\/v2\/comments?post=7786"}],"version-history":[{"count":34,"href":"https:\/\/www.lighthouseonline.com\/es\/wp-json\/wp\/v2\/pages\/7786\/revisions"}],"predecessor-version":[{"id":13987,"href":"https:\/\/www.lighthouseonline.com\/es\/wp-json\/wp\/v2\/pages\/7786\/revisions\/13987"}],"wp:attachment":[{"href":"https:\/\/www.lighthouseonline.com\/es\/wp-json\/wp\/v2\/media?parent=7786"}],"curies":[{"name":"wp","href":"https:\/\/api.w.org\/{rel}","templated":true}]}}