{"id":7805,"date":"2016-07-18T19:41:18","date_gmt":"2016-07-18T19:41:18","guid":{"rendered":"https:\/\/lighthouseonline.com\/es\/servicios\/translation-services\/scientific-translation-services\/"},"modified":"2016-11-21T15:38:42","modified_gmt":"2016-11-21T15:38:42","slug":"traduccion-cientifica","status":"publish","type":"page","link":"https:\/\/www.lighthouseonline.com\/es\/traduccion-cientifica\/","title":{"rendered":"Traducci\u00f3n Cient\u00edfica"},"content":{"rendered":"<div id=\"cs-content\" class=\"cs-content\"><\/div>\n","protected":false},"excerpt":{"rendered":"","protected":false},"author":1,"featured_media":0,"parent":0,"menu_order":0,"comment_status":"closed","ping_status":"closed","template":"template-blank-4.php","meta":{"content-type":"","footnotes":""},"class_list":["post-7805","page","type-page","status-publish","hentry","no-post-thumbnail"],"yoast_head":"<!-- This site is optimized with the Yoast SEO Premium plugin v27.2 (Yoast SEO v27.2) - https:\/\/yoast.com\/product\/yoast-seo-premium-wordpress\/ -->\n<title>Traducci\u00f3n Cient\u00edfica | Lighthouse Translations<\/title>\n<meta name=\"description\" content=\"Nuestros servicios de traducci\u00f3n cient\u00edfica son extensos y a su vez enfocados en el resultado final para una exacta y precisa entrega del mensaje traducido.\" \/>\n<meta name=\"robots\" content=\"index, follow, max-snippet:-1, max-image-preview:large, max-video-preview:-1\" \/>\n<link rel=\"canonical\" href=\"https:\/\/www.lighthouseonline.com\/es\/traduccion-cientifica\/\" \/>\n<meta property=\"og:locale\" content=\"es_ES\" \/>\n<meta property=\"og:type\" content=\"article\" \/>\n<meta property=\"og:title\" content=\"Traducci\u00f3n Cient\u00edfica\" \/>\n<meta property=\"og:description\" content=\"Nuestros servicios de traducci\u00f3n cient\u00edfica son extensos y a su vez enfocados en el resultado final para una exacta y precisa entrega del mensaje traducido.\" \/>\n<meta property=\"og:url\" content=\"https:\/\/www.lighthouseonline.com\/es\/traduccion-cientifica\/\" \/>\n<meta property=\"og:site_name\" content=\"Lighthouse Translations\" \/>\n<meta property=\"article:publisher\" content=\"https:\/\/www.facebook.com\/LighthouseTransations\/\" \/>\n<meta property=\"article:modified_time\" content=\"2016-11-21T15:38:42+00:00\" \/>\n<meta property=\"og:image\" content=\"https:\/\/cdn.lighthouseonline.com\/wp-content\/uploads\/2016\/09\/Logo-Horizontal-9-12-16.png\" \/>\n<meta name=\"twitter:card\" content=\"summary_large_image\" \/>\n<meta name=\"twitter:site\" content=\"@LHTranslations\" \/>\n<meta name=\"twitter:label1\" content=\"Tiempo de lectura\" \/>\n\t<meta name=\"twitter:data1\" content=\"2 minutos\" \/>\n<script type=\"application\/ld+json\" class=\"yoast-schema-graph\">{\"@context\":\"https:\/\/schema.org\",\"@graph\":[{\"@type\":\"WebPage\",\"@id\":\"https:\/\/www.lighthouseonline.com\/es\/traduccion-cientifica\/\",\"url\":\"https:\/\/www.lighthouseonline.com\/es\/traduccion-cientifica\/\",\"name\":\"Traducci\u00f3n Cient\u00edfica | Lighthouse Translations\",\"isPartOf\":{\"@id\":\"https:\/\/www.lighthouseonline.com\/#website\"},\"datePublished\":\"2016-07-18T19:41:18+00:00\",\"dateModified\":\"2016-11-21T15:38:42+00:00\",\"description\":\"Nuestros servicios de traducci\u00f3n cient\u00edfica son extensos y a su vez enfocados en el resultado final para una exacta y precisa entrega del mensaje traducido.\",\"breadcrumb\":{\"@id\":\"https:\/\/www.lighthouseonline.com\/es\/traduccion-cientifica\/#breadcrumb\"},\"inLanguage\":\"es\",\"potentialAction\":[{\"@type\":\"ReadAction\",\"target\":[\"https:\/\/www.lighthouseonline.com\/es\/traduccion-cientifica\/\"]}]},{\"@type\":\"BreadcrumbList\",\"@id\":\"https:\/\/www.lighthouseonline.com\/es\/traduccion-cientifica\/#breadcrumb\",\"itemListElement\":[{\"@type\":\"ListItem\",\"position\":1,\"name\":\"Home\",\"item\":\"https:\/\/www.lighthouseonline.com\/es\/\"},{\"@type\":\"ListItem\",\"position\":2,\"name\":\"Traducci\u00f3n Cient\u00edfica\"}]},{\"@type\":\"WebSite\",\"@id\":\"https:\/\/www.lighthouseonline.com\/#website\",\"url\":\"https:\/\/www.lighthouseonline.com\/\",\"name\":\"Lighthouse Translations\",\"description\":\"Translations &amp; Interpretations\",\"potentialAction\":[{\"@type\":\"SearchAction\",\"target\":{\"@type\":\"EntryPoint\",\"urlTemplate\":\"https:\/\/www.lighthouseonline.com\/?s={search_term_string}\"},\"query-input\":{\"@type\":\"PropertyValueSpecification\",\"valueRequired\":true,\"valueName\":\"search_term_string\"}}],\"inLanguage\":\"es\"}]}<\/script>\n<!-- \/ Yoast SEO Premium plugin. -->","yoast_head_json":{"title":"Traducci\u00f3n Cient\u00edfica | Lighthouse Translations","description":"Nuestros servicios de traducci\u00f3n cient\u00edfica son extensos y a su vez enfocados en el resultado final para una exacta y precisa entrega del mensaje traducido.","robots":{"index":"index","follow":"follow","max-snippet":"max-snippet:-1","max-image-preview":"max-image-preview:large","max-video-preview":"max-video-preview:-1"},"canonical":"https:\/\/www.lighthouseonline.com\/es\/traduccion-cientifica\/","og_locale":"es_ES","og_type":"article","og_title":"Traducci\u00f3n Cient\u00edfica","og_description":"Nuestros servicios de traducci\u00f3n cient\u00edfica son extensos y a su vez enfocados en el resultado final para una exacta y precisa entrega del mensaje traducido.","og_url":"https:\/\/www.lighthouseonline.com\/es\/traduccion-cientifica\/","og_site_name":"Lighthouse Translations","article_publisher":"https:\/\/www.facebook.com\/LighthouseTransations\/","article_modified_time":"2016-11-21T15:38:42+00:00","og_image":[{"url":"https:\/\/cdn.lighthouseonline.com\/wp-content\/uploads\/2016\/09\/Logo-Horizontal-9-12-16.png","type":"","width":"","height":""}],"twitter_card":"summary_large_image","twitter_site":"@LHTranslations","twitter_misc":{"Tiempo de lectura":"2 minutos"},"schema":{"@context":"https:\/\/schema.org","@graph":[{"@type":"WebPage","@id":"https:\/\/www.lighthouseonline.com\/es\/traduccion-cientifica\/","url":"https:\/\/www.lighthouseonline.com\/es\/traduccion-cientifica\/","name":"Traducci\u00f3n Cient\u00edfica | Lighthouse Translations","isPartOf":{"@id":"https:\/\/www.lighthouseonline.com\/#website"},"datePublished":"2016-07-18T19:41:18+00:00","dateModified":"2016-11-21T15:38:42+00:00","description":"Nuestros servicios de traducci\u00f3n cient\u00edfica son extensos y a su vez enfocados en el resultado final para una exacta y precisa entrega del mensaje traducido.","breadcrumb":{"@id":"https:\/\/www.lighthouseonline.com\/es\/traduccion-cientifica\/#breadcrumb"},"inLanguage":"es","potentialAction":[{"@type":"ReadAction","target":["https:\/\/www.lighthouseonline.com\/es\/traduccion-cientifica\/"]}]},{"@type":"BreadcrumbList","@id":"https:\/\/www.lighthouseonline.com\/es\/traduccion-cientifica\/#breadcrumb","itemListElement":[{"@type":"ListItem","position":1,"name":"Home","item":"https:\/\/www.lighthouseonline.com\/es\/"},{"@type":"ListItem","position":2,"name":"Traducci\u00f3n Cient\u00edfica"}]},{"@type":"WebSite","@id":"https:\/\/www.lighthouseonline.com\/#website","url":"https:\/\/www.lighthouseonline.com\/","name":"Lighthouse Translations","description":"Translations &amp; Interpretations","potentialAction":[{"@type":"SearchAction","target":{"@type":"EntryPoint","urlTemplate":"https:\/\/www.lighthouseonline.com\/?s={search_term_string}"},"query-input":{"@type":"PropertyValueSpecification","valueRequired":true,"valueName":"search_term_string"}}],"inLanguage":"es"}]}},"rttpg_featured_image_url":null,"rttpg_author":{"display_name":"support","author_link":"https:\/\/www.lighthouseonline.com\/es\/author\/support\/"},"rttpg_comment":0,"rttpg_category":" <a href=\"https:\/\/www.lighthouseonline.com\/?taxonomy=translation_priority&#038;term=optional\" rel=\"tag\">Optional<\/a>","rttpg_excerpt":null,"_links":{"self":[{"href":"https:\/\/www.lighthouseonline.com\/es\/wp-json\/wp\/v2\/pages\/7805","targetHints":{"allow":["GET"]}}],"collection":[{"href":"https:\/\/www.lighthouseonline.com\/es\/wp-json\/wp\/v2\/pages"}],"about":[{"href":"https:\/\/www.lighthouseonline.com\/es\/wp-json\/wp\/v2\/types\/page"}],"author":[{"embeddable":true,"href":"https:\/\/www.lighthouseonline.com\/es\/wp-json\/wp\/v2\/users\/1"}],"replies":[{"embeddable":true,"href":"https:\/\/www.lighthouseonline.com\/es\/wp-json\/wp\/v2\/comments?post=7805"}],"version-history":[{"count":0,"href":"https:\/\/www.lighthouseonline.com\/es\/wp-json\/wp\/v2\/pages\/7805\/revisions"}],"wp:attachment":[{"href":"https:\/\/www.lighthouseonline.com\/es\/wp-json\/wp\/v2\/media?parent=7805"}],"curies":[{"name":"wp","href":"https:\/\/api.w.org\/{rel}","templated":true}]}}