{"id":7836,"date":"2016-07-18T18:15:07","date_gmt":"2016-07-18T18:15:07","guid":{"rendered":"https:\/\/lighthouseonline.com\/es\/servicios\/simultaneous-interpretation\/"},"modified":"2022-06-09T08:41:07","modified_gmt":"2022-06-09T08:41:07","slug":"servicios-de-interpretacion","status":"publish","type":"page","link":"https:\/\/www.lighthouseonline.com\/es\/servicios-de-interpretacion\/","title":{"rendered":"Interpretaci\u00f3n Simult\u00e1nea"},"content":{"rendered":"<div id=\"cs-content\" class=\"cs-content\"><\/div>\n","protected":false},"excerpt":{"rendered":"<p>Interpretaci\u00f3n Simult\u00e1nea\u00bfEst\u00e1 organizando una conferencia internacional que requiere int\u00e9rpretes profesionales? \u00bfSu pr\u00f3xima reuni\u00f3n de negocios contar\u00e1 con participantes que hablan diversos idiomas? Perm\u00edtanos ser su camino hacia las comunicaciones globales. &#8230;<\/p>\n","protected":false},"author":1,"featured_media":0,"parent":0,"menu_order":0,"comment_status":"closed","ping_status":"closed","template":"template-blank-4.php","meta":{"content-type":"","footnotes":""},"class_list":["post-7836","page","type-page","status-publish","hentry","no-post-thumbnail"],"yoast_head":"<!-- This site is optimized with the Yoast SEO Premium plugin v27.2 (Yoast SEO v27.2) - https:\/\/yoast.com\/product\/yoast-seo-premium-wordpress\/ -->\n<title>Servicios de Interpretaci\u00f3n<\/title>\n<meta name=\"description\" content=\"Lighthouse Translations le ofrece servicios profesionales de interpretaci\u00f3n consecutiva y simult\u00e1nea dise\u00f1ados para adaptarse a su ambiente y situaci\u00f3n.\" \/>\n<meta name=\"robots\" content=\"index, follow, max-snippet:-1, max-image-preview:large, max-video-preview:-1\" \/>\n<link rel=\"canonical\" href=\"https:\/\/www.lighthouseonline.com\/es\/servicios-de-interpretacion\/\" \/>\n<meta property=\"og:locale\" content=\"es_ES\" \/>\n<meta property=\"og:type\" content=\"article\" \/>\n<meta property=\"og:title\" content=\"Interpretaci\u00f3n Simult\u00e1nea\" \/>\n<meta property=\"og:description\" content=\"Lighthouse Translations le ofrece servicios profesionales de interpretaci\u00f3n consecutiva y simult\u00e1nea dise\u00f1ados para adaptarse a su ambiente y situaci\u00f3n.\" \/>\n<meta property=\"og:url\" content=\"https:\/\/www.lighthouseonline.com\/es\/servicios-de-interpretacion\/\" \/>\n<meta property=\"og:site_name\" content=\"Lighthouse Translations\" \/>\n<meta property=\"article:publisher\" content=\"https:\/\/www.facebook.com\/LighthouseTransations\/\" \/>\n<meta property=\"article:modified_time\" content=\"2022-06-09T08:41:07+00:00\" \/>\n<meta property=\"og:image\" content=\"https:\/\/cdn.lighthouseonline.com\/wp-content\/uploads\/2016\/09\/Logo-Horizontal-9-12-16.png\" \/>\n<meta name=\"twitter:card\" content=\"summary_large_image\" \/>\n<meta name=\"twitter:site\" content=\"@LHTranslations\" \/>\n<meta name=\"twitter:label1\" content=\"Tiempo de lectura\" \/>\n\t<meta name=\"twitter:data1\" content=\"6 minutos\" \/>\n<script type=\"application\/ld+json\" class=\"yoast-schema-graph\">{\"@context\":\"https:\/\/schema.org\",\"@graph\":[{\"@type\":\"WebPage\",\"@id\":\"https:\/\/www.lighthouseonline.com\/es\/servicios-de-interpretacion\/\",\"url\":\"https:\/\/www.lighthouseonline.com\/es\/servicios-de-interpretacion\/\",\"name\":\"Servicios de Interpretaci\u00f3n\",\"isPartOf\":{\"@id\":\"https:\/\/www.lighthouseonline.com\/#website\"},\"datePublished\":\"2016-07-18T18:15:07+00:00\",\"dateModified\":\"2022-06-09T08:41:07+00:00\",\"description\":\"Lighthouse Translations le ofrece servicios profesionales de interpretaci\u00f3n consecutiva y simult\u00e1nea dise\u00f1ados para adaptarse a su ambiente y situaci\u00f3n.\",\"breadcrumb\":{\"@id\":\"https:\/\/www.lighthouseonline.com\/es\/servicios-de-interpretacion\/#breadcrumb\"},\"inLanguage\":\"es\",\"potentialAction\":[{\"@type\":\"ReadAction\",\"target\":[\"https:\/\/www.lighthouseonline.com\/es\/servicios-de-interpretacion\/\"]}]},{\"@type\":\"BreadcrumbList\",\"@id\":\"https:\/\/www.lighthouseonline.com\/es\/servicios-de-interpretacion\/#breadcrumb\",\"itemListElement\":[{\"@type\":\"ListItem\",\"position\":1,\"name\":\"Home\",\"item\":\"https:\/\/www.lighthouseonline.com\/es\/\"},{\"@type\":\"ListItem\",\"position\":2,\"name\":\"Interpretaci\u00f3n Simult\u00e1nea\"}]},{\"@type\":\"WebSite\",\"@id\":\"https:\/\/www.lighthouseonline.com\/#website\",\"url\":\"https:\/\/www.lighthouseonline.com\/\",\"name\":\"Lighthouse Translations\",\"description\":\"Translations &amp; Interpretations\",\"potentialAction\":[{\"@type\":\"SearchAction\",\"target\":{\"@type\":\"EntryPoint\",\"urlTemplate\":\"https:\/\/www.lighthouseonline.com\/?s={search_term_string}\"},\"query-input\":{\"@type\":\"PropertyValueSpecification\",\"valueRequired\":true,\"valueName\":\"search_term_string\"}}],\"inLanguage\":\"es\"}]}<\/script>\n<!-- \/ Yoast SEO Premium plugin. -->","yoast_head_json":{"title":"Servicios de Interpretaci\u00f3n","description":"Lighthouse Translations le ofrece servicios profesionales de interpretaci\u00f3n consecutiva y simult\u00e1nea dise\u00f1ados para adaptarse a su ambiente y situaci\u00f3n.","robots":{"index":"index","follow":"follow","max-snippet":"max-snippet:-1","max-image-preview":"max-image-preview:large","max-video-preview":"max-video-preview:-1"},"canonical":"https:\/\/www.lighthouseonline.com\/es\/servicios-de-interpretacion\/","og_locale":"es_ES","og_type":"article","og_title":"Interpretaci\u00f3n Simult\u00e1nea","og_description":"Lighthouse Translations le ofrece servicios profesionales de interpretaci\u00f3n consecutiva y simult\u00e1nea dise\u00f1ados para adaptarse a su ambiente y situaci\u00f3n.","og_url":"https:\/\/www.lighthouseonline.com\/es\/servicios-de-interpretacion\/","og_site_name":"Lighthouse Translations","article_publisher":"https:\/\/www.facebook.com\/LighthouseTransations\/","article_modified_time":"2022-06-09T08:41:07+00:00","og_image":[{"url":"https:\/\/cdn.lighthouseonline.com\/wp-content\/uploads\/2016\/09\/Logo-Horizontal-9-12-16.png","type":"","width":"","height":""}],"twitter_card":"summary_large_image","twitter_site":"@LHTranslations","twitter_misc":{"Tiempo de lectura":"6 minutos"},"schema":{"@context":"https:\/\/schema.org","@graph":[{"@type":"WebPage","@id":"https:\/\/www.lighthouseonline.com\/es\/servicios-de-interpretacion\/","url":"https:\/\/www.lighthouseonline.com\/es\/servicios-de-interpretacion\/","name":"Servicios de Interpretaci\u00f3n","isPartOf":{"@id":"https:\/\/www.lighthouseonline.com\/#website"},"datePublished":"2016-07-18T18:15:07+00:00","dateModified":"2022-06-09T08:41:07+00:00","description":"Lighthouse Translations le ofrece servicios profesionales de interpretaci\u00f3n consecutiva y simult\u00e1nea dise\u00f1ados para adaptarse a su ambiente y situaci\u00f3n.","breadcrumb":{"@id":"https:\/\/www.lighthouseonline.com\/es\/servicios-de-interpretacion\/#breadcrumb"},"inLanguage":"es","potentialAction":[{"@type":"ReadAction","target":["https:\/\/www.lighthouseonline.com\/es\/servicios-de-interpretacion\/"]}]},{"@type":"BreadcrumbList","@id":"https:\/\/www.lighthouseonline.com\/es\/servicios-de-interpretacion\/#breadcrumb","itemListElement":[{"@type":"ListItem","position":1,"name":"Home","item":"https:\/\/www.lighthouseonline.com\/es\/"},{"@type":"ListItem","position":2,"name":"Interpretaci\u00f3n Simult\u00e1nea"}]},{"@type":"WebSite","@id":"https:\/\/www.lighthouseonline.com\/#website","url":"https:\/\/www.lighthouseonline.com\/","name":"Lighthouse Translations","description":"Translations &amp; Interpretations","potentialAction":[{"@type":"SearchAction","target":{"@type":"EntryPoint","urlTemplate":"https:\/\/www.lighthouseonline.com\/?s={search_term_string}"},"query-input":{"@type":"PropertyValueSpecification","valueRequired":true,"valueName":"search_term_string"}}],"inLanguage":"es"}]}},"rttpg_featured_image_url":null,"rttpg_author":{"display_name":"support","author_link":"https:\/\/www.lighthouseonline.com\/es\/author\/support\/"},"rttpg_comment":0,"rttpg_category":" <a href=\"https:\/\/www.lighthouseonline.com\/?taxonomy=translation_priority&#038;term=optional\" rel=\"tag\">Optional<\/a>","rttpg_excerpt":"Interpretaci\u00f3n Simult\u00e1nea\u00bfEst\u00e1 organizando una conferencia internacional que requiere int\u00e9rpretes profesionales? \u00bfSu pr\u00f3xima reuni\u00f3n de negocios contar\u00e1 con participantes que hablan diversos idiomas? Perm\u00edtanos ser su camino hacia las comunicaciones globales. ...","_links":{"self":[{"href":"https:\/\/www.lighthouseonline.com\/es\/wp-json\/wp\/v2\/pages\/7836","targetHints":{"allow":["GET"]}}],"collection":[{"href":"https:\/\/www.lighthouseonline.com\/es\/wp-json\/wp\/v2\/pages"}],"about":[{"href":"https:\/\/www.lighthouseonline.com\/es\/wp-json\/wp\/v2\/types\/page"}],"author":[{"embeddable":true,"href":"https:\/\/www.lighthouseonline.com\/es\/wp-json\/wp\/v2\/users\/1"}],"replies":[{"embeddable":true,"href":"https:\/\/www.lighthouseonline.com\/es\/wp-json\/wp\/v2\/comments?post=7836"}],"version-history":[{"count":2,"href":"https:\/\/www.lighthouseonline.com\/es\/wp-json\/wp\/v2\/pages\/7836\/revisions"}],"predecessor-version":[{"id":13756,"href":"https:\/\/www.lighthouseonline.com\/es\/wp-json\/wp\/v2\/pages\/7836\/revisions\/13756"}],"wp:attachment":[{"href":"https:\/\/www.lighthouseonline.com\/es\/wp-json\/wp\/v2\/media?parent=7836"}],"curies":[{"name":"wp","href":"https:\/\/api.w.org\/{rel}","templated":true}]}}