{"id":7839,"date":"2016-07-18T18:26:24","date_gmt":"2016-07-18T18:26:24","guid":{"rendered":"https:\/\/lighthouseonline.com\/es\/servicios\/simultaneous-interpretation\/telephone-interpreter-service\/"},"modified":"2021-01-05T12:42:14","modified_gmt":"2021-01-05T12:42:14","slug":"over-the-phone-interpreting","status":"publish","type":"page","link":"https:\/\/www.lighthouseonline.com\/es\/over-the-phone-interpreting\/","title":{"rendered":"Interpretaci\u00f3n Telef\u00f3nica"},"content":{"rendered":"<div id=\"cs-content\" class=\"cs-content\"><\/div>\n","protected":false},"excerpt":{"rendered":"<p>Servicio de Interpretaci\u00f3n por tel\u00e9fonoCada vez m\u00e1s, encontramos que nuestros clientes tienen la necesidad recurrente de tener un int\u00e9rprete presente en una llamada para ayudar con la comunicaci\u00f3n. Para cumplir &#8230;<\/p>\n","protected":false},"author":1,"featured_media":0,"parent":0,"menu_order":0,"comment_status":"closed","ping_status":"closed","template":"template-blank-4.php","meta":{"content-type":"","footnotes":""},"class_list":["post-7839","page","type-page","status-publish","hentry","no-post-thumbnail"],"yoast_head":"<!-- This site is optimized with the Yoast SEO Premium plugin v27.2 (Yoast SEO v27.2) - https:\/\/yoast.com\/product\/yoast-seo-premium-wordpress\/ -->\n<title>Servicios de Interpretaci\u00f3n Telef\u00f3nica<\/title>\n<meta name=\"description\" content=\"Nuestro Servicio de Interpretaci\u00f3n Telef\u00f3nica es tan robusto y abarcador como todos nuestros otros servicios, pero a la misma vez econ\u00f3mico y accesible.\" \/>\n<meta name=\"robots\" content=\"index, follow, max-snippet:-1, max-image-preview:large, max-video-preview:-1\" \/>\n<link rel=\"canonical\" href=\"https:\/\/www.lighthouseonline.com\/es\/over-the-phone-interpreting\/\" \/>\n<meta property=\"og:locale\" content=\"es_ES\" \/>\n<meta property=\"og:type\" content=\"article\" \/>\n<meta property=\"og:title\" content=\"Interpretaci\u00f3n Telef\u00f3nica\" \/>\n<meta property=\"og:description\" content=\"Nuestro Servicio de Interpretaci\u00f3n Telef\u00f3nica es tan robusto y abarcador como todos nuestros otros servicios, pero a la misma vez econ\u00f3mico y accesible.\" \/>\n<meta property=\"og:url\" content=\"https:\/\/www.lighthouseonline.com\/es\/over-the-phone-interpreting\/\" \/>\n<meta property=\"og:site_name\" content=\"Lighthouse Translations\" \/>\n<meta property=\"article:publisher\" content=\"https:\/\/www.facebook.com\/LighthouseTransations\/\" \/>\n<meta property=\"article:modified_time\" content=\"2021-01-05T12:42:14+00:00\" \/>\n<meta property=\"og:image\" content=\"https:\/\/lighthouseonline.com\/wp-content\/uploads\/2020\/01\/Telephone-Interpreter-Service.jpg\" \/>\n<meta name=\"twitter:card\" content=\"summary_large_image\" \/>\n<meta name=\"twitter:site\" content=\"@LHTranslations\" \/>\n<meta name=\"twitter:label1\" content=\"Tiempo de lectura\" \/>\n\t<meta name=\"twitter:data1\" content=\"7 minutos\" \/>\n<script type=\"application\/ld+json\" class=\"yoast-schema-graph\">{\"@context\":\"https:\/\/schema.org\",\"@graph\":[{\"@type\":\"WebPage\",\"@id\":\"https:\/\/www.lighthouseonline.com\/es\/over-the-phone-interpreting\/\",\"url\":\"https:\/\/www.lighthouseonline.com\/es\/over-the-phone-interpreting\/\",\"name\":\"Servicios de Interpretaci\u00f3n Telef\u00f3nica\",\"isPartOf\":{\"@id\":\"https:\/\/www.lighthouseonline.com\/#website\"},\"primaryImageOfPage\":{\"@id\":\"https:\/\/www.lighthouseonline.com\/es\/over-the-phone-interpreting\/#primaryimage\"},\"image\":{\"@id\":\"https:\/\/www.lighthouseonline.com\/es\/over-the-phone-interpreting\/#primaryimage\"},\"thumbnailUrl\":\"https:\/\/lighthouseonline.com\/wp-content\/uploads\/2020\/01\/Telephone-Interpreter-Service.jpg\",\"datePublished\":\"2016-07-18T18:26:24+00:00\",\"dateModified\":\"2021-01-05T12:42:14+00:00\",\"description\":\"Nuestro Servicio de Interpretaci\u00f3n Telef\u00f3nica es tan robusto y abarcador como todos nuestros otros servicios, pero a la misma vez econ\u00f3mico y accesible.\",\"breadcrumb\":{\"@id\":\"https:\/\/www.lighthouseonline.com\/es\/over-the-phone-interpreting\/#breadcrumb\"},\"inLanguage\":\"es\",\"potentialAction\":[{\"@type\":\"ReadAction\",\"target\":[\"https:\/\/www.lighthouseonline.com\/es\/over-the-phone-interpreting\/\"]}]},{\"@type\":\"ImageObject\",\"inLanguage\":\"es\",\"@id\":\"https:\/\/www.lighthouseonline.com\/es\/over-the-phone-interpreting\/#primaryimage\",\"url\":\"https:\/\/lighthouseonline.com\/wp-content\/uploads\/2020\/01\/Telephone-Interpreter-Service.jpg\",\"contentUrl\":\"https:\/\/lighthouseonline.com\/wp-content\/uploads\/2020\/01\/Telephone-Interpreter-Service.jpg\"},{\"@type\":\"BreadcrumbList\",\"@id\":\"https:\/\/www.lighthouseonline.com\/es\/over-the-phone-interpreting\/#breadcrumb\",\"itemListElement\":[{\"@type\":\"ListItem\",\"position\":1,\"name\":\"Home\",\"item\":\"https:\/\/www.lighthouseonline.com\/es\/\"},{\"@type\":\"ListItem\",\"position\":2,\"name\":\"Interpretaci\u00f3n Telef\u00f3nica\"}]},{\"@type\":\"WebSite\",\"@id\":\"https:\/\/www.lighthouseonline.com\/#website\",\"url\":\"https:\/\/www.lighthouseonline.com\/\",\"name\":\"Lighthouse Translations\",\"description\":\"Translations &amp; Interpretations\",\"potentialAction\":[{\"@type\":\"SearchAction\",\"target\":{\"@type\":\"EntryPoint\",\"urlTemplate\":\"https:\/\/www.lighthouseonline.com\/?s={search_term_string}\"},\"query-input\":{\"@type\":\"PropertyValueSpecification\",\"valueRequired\":true,\"valueName\":\"search_term_string\"}}],\"inLanguage\":\"es\"}]}<\/script>\n<!-- \/ Yoast SEO Premium plugin. -->","yoast_head_json":{"title":"Servicios de Interpretaci\u00f3n Telef\u00f3nica","description":"Nuestro Servicio de Interpretaci\u00f3n Telef\u00f3nica es tan robusto y abarcador como todos nuestros otros servicios, pero a la misma vez econ\u00f3mico y accesible.","robots":{"index":"index","follow":"follow","max-snippet":"max-snippet:-1","max-image-preview":"max-image-preview:large","max-video-preview":"max-video-preview:-1"},"canonical":"https:\/\/www.lighthouseonline.com\/es\/over-the-phone-interpreting\/","og_locale":"es_ES","og_type":"article","og_title":"Interpretaci\u00f3n Telef\u00f3nica","og_description":"Nuestro Servicio de Interpretaci\u00f3n Telef\u00f3nica es tan robusto y abarcador como todos nuestros otros servicios, pero a la misma vez econ\u00f3mico y accesible.","og_url":"https:\/\/www.lighthouseonline.com\/es\/over-the-phone-interpreting\/","og_site_name":"Lighthouse Translations","article_publisher":"https:\/\/www.facebook.com\/LighthouseTransations\/","article_modified_time":"2021-01-05T12:42:14+00:00","og_image":[{"url":"https:\/\/lighthouseonline.com\/wp-content\/uploads\/2020\/01\/Telephone-Interpreter-Service.jpg","type":"","width":"","height":""}],"twitter_card":"summary_large_image","twitter_site":"@LHTranslations","twitter_misc":{"Tiempo de lectura":"7 minutos"},"schema":{"@context":"https:\/\/schema.org","@graph":[{"@type":"WebPage","@id":"https:\/\/www.lighthouseonline.com\/es\/over-the-phone-interpreting\/","url":"https:\/\/www.lighthouseonline.com\/es\/over-the-phone-interpreting\/","name":"Servicios de Interpretaci\u00f3n Telef\u00f3nica","isPartOf":{"@id":"https:\/\/www.lighthouseonline.com\/#website"},"primaryImageOfPage":{"@id":"https:\/\/www.lighthouseonline.com\/es\/over-the-phone-interpreting\/#primaryimage"},"image":{"@id":"https:\/\/www.lighthouseonline.com\/es\/over-the-phone-interpreting\/#primaryimage"},"thumbnailUrl":"https:\/\/lighthouseonline.com\/wp-content\/uploads\/2020\/01\/Telephone-Interpreter-Service.jpg","datePublished":"2016-07-18T18:26:24+00:00","dateModified":"2021-01-05T12:42:14+00:00","description":"Nuestro Servicio de Interpretaci\u00f3n Telef\u00f3nica es tan robusto y abarcador como todos nuestros otros servicios, pero a la misma vez econ\u00f3mico y accesible.","breadcrumb":{"@id":"https:\/\/www.lighthouseonline.com\/es\/over-the-phone-interpreting\/#breadcrumb"},"inLanguage":"es","potentialAction":[{"@type":"ReadAction","target":["https:\/\/www.lighthouseonline.com\/es\/over-the-phone-interpreting\/"]}]},{"@type":"ImageObject","inLanguage":"es","@id":"https:\/\/www.lighthouseonline.com\/es\/over-the-phone-interpreting\/#primaryimage","url":"https:\/\/lighthouseonline.com\/wp-content\/uploads\/2020\/01\/Telephone-Interpreter-Service.jpg","contentUrl":"https:\/\/lighthouseonline.com\/wp-content\/uploads\/2020\/01\/Telephone-Interpreter-Service.jpg"},{"@type":"BreadcrumbList","@id":"https:\/\/www.lighthouseonline.com\/es\/over-the-phone-interpreting\/#breadcrumb","itemListElement":[{"@type":"ListItem","position":1,"name":"Home","item":"https:\/\/www.lighthouseonline.com\/es\/"},{"@type":"ListItem","position":2,"name":"Interpretaci\u00f3n Telef\u00f3nica"}]},{"@type":"WebSite","@id":"https:\/\/www.lighthouseonline.com\/#website","url":"https:\/\/www.lighthouseonline.com\/","name":"Lighthouse Translations","description":"Translations &amp; Interpretations","potentialAction":[{"@type":"SearchAction","target":{"@type":"EntryPoint","urlTemplate":"https:\/\/www.lighthouseonline.com\/?s={search_term_string}"},"query-input":{"@type":"PropertyValueSpecification","valueRequired":true,"valueName":"search_term_string"}}],"inLanguage":"es"}]}},"rttpg_featured_image_url":null,"rttpg_author":{"display_name":"support","author_link":"https:\/\/www.lighthouseonline.com\/es\/author\/support\/"},"rttpg_comment":0,"rttpg_category":" <a href=\"https:\/\/www.lighthouseonline.com\/?taxonomy=translation_priority&#038;term=optional\" rel=\"tag\">Optional<\/a>","rttpg_excerpt":"Servicio de Interpretaci\u00f3n por tel\u00e9fonoCada vez m\u00e1s, encontramos que nuestros clientes tienen la necesidad recurrente de tener un int\u00e9rprete presente en una llamada para ayudar con la comunicaci\u00f3n. Para cumplir ...","_links":{"self":[{"href":"https:\/\/www.lighthouseonline.com\/es\/wp-json\/wp\/v2\/pages\/7839","targetHints":{"allow":["GET"]}}],"collection":[{"href":"https:\/\/www.lighthouseonline.com\/es\/wp-json\/wp\/v2\/pages"}],"about":[{"href":"https:\/\/www.lighthouseonline.com\/es\/wp-json\/wp\/v2\/types\/page"}],"author":[{"embeddable":true,"href":"https:\/\/www.lighthouseonline.com\/es\/wp-json\/wp\/v2\/users\/1"}],"replies":[{"embeddable":true,"href":"https:\/\/www.lighthouseonline.com\/es\/wp-json\/wp\/v2\/comments?post=7839"}],"version-history":[{"count":3,"href":"https:\/\/www.lighthouseonline.com\/es\/wp-json\/wp\/v2\/pages\/7839\/revisions"}],"predecessor-version":[{"id":13392,"href":"https:\/\/www.lighthouseonline.com\/es\/wp-json\/wp\/v2\/pages\/7839\/revisions\/13392"}],"wp:attachment":[{"href":"https:\/\/www.lighthouseonline.com\/es\/wp-json\/wp\/v2\/media?parent=7839"}],"curies":[{"name":"wp","href":"https:\/\/api.w.org\/{rel}","templated":true}]}}