{"id":8726,"date":"2016-08-09T15:07:59","date_gmt":"2016-08-09T15:07:59","guid":{"rendered":"https:\/\/lighthouseonline.com\/es\/privacy\/"},"modified":"2019-10-03T03:34:33","modified_gmt":"2019-10-03T03:34:33","slug":"politica-de-privacidad","status":"publish","type":"page","link":"https:\/\/www.lighthouseonline.com\/es\/politica-de-privacidad\/","title":{"rendered":"Pol\u00edtica de Privacidad"},"content":{"rendered":"<div id=\"cs-content\" class=\"cs-content\"><\/div>\n","protected":false},"excerpt":{"rendered":"","protected":false},"author":1,"featured_media":0,"parent":0,"menu_order":0,"comment_status":"closed","ping_status":"closed","template":"template-blank-4.php","meta":{"content-type":"","footnotes":""},"class_list":["post-8726","page","type-page","status-publish","hentry","no-post-thumbnail"],"yoast_head":"<!-- This site is optimized with the Yoast SEO Premium plugin v27.2 (Yoast SEO v27.2) - https:\/\/yoast.com\/product\/yoast-seo-premium-wordpress\/ -->\n<title>Pol\u00edtica de Privacidad | Lighthouse Translations<\/title>\n<meta name=\"description\" content=\"La privacidad es una parte esencial en toda compa\u00f1\u00eda y es por eso que aqu\u00ed mostraremos nuestras pol\u00edticas de privacidad de Lighthouse Translations.\" \/>\n<meta name=\"robots\" content=\"noindex, follow\" \/>\n<meta property=\"og:locale\" content=\"es_ES\" \/>\n<meta property=\"og:type\" content=\"article\" \/>\n<meta property=\"og:title\" content=\"Pol\u00edtica de Privacidad\" \/>\n<meta property=\"og:description\" content=\"La privacidad es una parte esencial en toda compa\u00f1\u00eda y es por eso que aqu\u00ed mostraremos nuestras pol\u00edticas de privacidad de Lighthouse Translations.\" \/>\n<meta property=\"og:url\" content=\"https:\/\/www.lighthouseonline.com\/es\/politica-de-privacidad\/\" \/>\n<meta property=\"og:site_name\" content=\"Lighthouse Translations\" \/>\n<meta property=\"article:publisher\" content=\"https:\/\/www.facebook.com\/LighthouseTransations\/\" \/>\n<meta property=\"article:modified_time\" content=\"2019-10-03T03:34:33+00:00\" \/>\n<meta property=\"og:image\" content=\"https:\/\/cdn.lighthouseonline.com\/wp-content\/uploads\/2016\/09\/Logo-Horizontal-9-12-16.png\" \/>\n<meta name=\"twitter:card\" content=\"summary_large_image\" \/>\n<meta name=\"twitter:site\" content=\"@LHTranslations\" \/>\n<meta name=\"twitter:label1\" content=\"Tiempo de lectura\" \/>\n\t<meta name=\"twitter:data1\" content=\"8 minutos\" \/>\n<script type=\"application\/ld+json\" class=\"yoast-schema-graph\">{\"@context\":\"https:\/\/schema.org\",\"@graph\":[{\"@type\":\"WebPage\",\"@id\":\"https:\/\/www.lighthouseonline.com\/es\/politica-de-privacidad\/\",\"url\":\"https:\/\/www.lighthouseonline.com\/es\/politica-de-privacidad\/\",\"name\":\"Pol\u00edtica de Privacidad | Lighthouse Translations\",\"isPartOf\":{\"@id\":\"https:\/\/www.lighthouseonline.com\/#website\"},\"datePublished\":\"2016-08-09T15:07:59+00:00\",\"dateModified\":\"2019-10-03T03:34:33+00:00\",\"description\":\"La privacidad es una parte esencial en toda compa\u00f1\u00eda y es por eso que aqu\u00ed mostraremos nuestras pol\u00edticas de privacidad de Lighthouse Translations.\",\"breadcrumb\":{\"@id\":\"https:\/\/www.lighthouseonline.com\/es\/politica-de-privacidad\/#breadcrumb\"},\"inLanguage\":\"es\",\"potentialAction\":[{\"@type\":\"ReadAction\",\"target\":[\"https:\/\/www.lighthouseonline.com\/es\/politica-de-privacidad\/\"]}]},{\"@type\":\"BreadcrumbList\",\"@id\":\"https:\/\/www.lighthouseonline.com\/es\/politica-de-privacidad\/#breadcrumb\",\"itemListElement\":[{\"@type\":\"ListItem\",\"position\":1,\"name\":\"Home\",\"item\":\"https:\/\/www.lighthouseonline.com\/es\/\"},{\"@type\":\"ListItem\",\"position\":2,\"name\":\"Pol\u00edtica de Privacidad\"}]},{\"@type\":\"WebSite\",\"@id\":\"https:\/\/www.lighthouseonline.com\/#website\",\"url\":\"https:\/\/www.lighthouseonline.com\/\",\"name\":\"Lighthouse Translations\",\"description\":\"Translations &amp; Interpretations\",\"potentialAction\":[{\"@type\":\"SearchAction\",\"target\":{\"@type\":\"EntryPoint\",\"urlTemplate\":\"https:\/\/www.lighthouseonline.com\/?s={search_term_string}\"},\"query-input\":{\"@type\":\"PropertyValueSpecification\",\"valueRequired\":true,\"valueName\":\"search_term_string\"}}],\"inLanguage\":\"es\"}]}<\/script>\n<!-- \/ Yoast SEO Premium plugin. -->","yoast_head_json":{"title":"Pol\u00edtica de Privacidad | Lighthouse Translations","description":"La privacidad es una parte esencial en toda compa\u00f1\u00eda y es por eso que aqu\u00ed mostraremos nuestras pol\u00edticas de privacidad de Lighthouse Translations.","robots":{"index":"noindex","follow":"follow"},"og_locale":"es_ES","og_type":"article","og_title":"Pol\u00edtica de Privacidad","og_description":"La privacidad es una parte esencial en toda compa\u00f1\u00eda y es por eso que aqu\u00ed mostraremos nuestras pol\u00edticas de privacidad de Lighthouse Translations.","og_url":"https:\/\/www.lighthouseonline.com\/es\/politica-de-privacidad\/","og_site_name":"Lighthouse Translations","article_publisher":"https:\/\/www.facebook.com\/LighthouseTransations\/","article_modified_time":"2019-10-03T03:34:33+00:00","og_image":[{"url":"https:\/\/cdn.lighthouseonline.com\/wp-content\/uploads\/2016\/09\/Logo-Horizontal-9-12-16.png","type":"","width":"","height":""}],"twitter_card":"summary_large_image","twitter_site":"@LHTranslations","twitter_misc":{"Tiempo de lectura":"8 minutos"},"schema":{"@context":"https:\/\/schema.org","@graph":[{"@type":"WebPage","@id":"https:\/\/www.lighthouseonline.com\/es\/politica-de-privacidad\/","url":"https:\/\/www.lighthouseonline.com\/es\/politica-de-privacidad\/","name":"Pol\u00edtica de Privacidad | Lighthouse Translations","isPartOf":{"@id":"https:\/\/www.lighthouseonline.com\/#website"},"datePublished":"2016-08-09T15:07:59+00:00","dateModified":"2019-10-03T03:34:33+00:00","description":"La privacidad es una parte esencial en toda compa\u00f1\u00eda y es por eso que aqu\u00ed mostraremos nuestras pol\u00edticas de privacidad de Lighthouse Translations.","breadcrumb":{"@id":"https:\/\/www.lighthouseonline.com\/es\/politica-de-privacidad\/#breadcrumb"},"inLanguage":"es","potentialAction":[{"@type":"ReadAction","target":["https:\/\/www.lighthouseonline.com\/es\/politica-de-privacidad\/"]}]},{"@type":"BreadcrumbList","@id":"https:\/\/www.lighthouseonline.com\/es\/politica-de-privacidad\/#breadcrumb","itemListElement":[{"@type":"ListItem","position":1,"name":"Home","item":"https:\/\/www.lighthouseonline.com\/es\/"},{"@type":"ListItem","position":2,"name":"Pol\u00edtica de Privacidad"}]},{"@type":"WebSite","@id":"https:\/\/www.lighthouseonline.com\/#website","url":"https:\/\/www.lighthouseonline.com\/","name":"Lighthouse Translations","description":"Translations &amp; Interpretations","potentialAction":[{"@type":"SearchAction","target":{"@type":"EntryPoint","urlTemplate":"https:\/\/www.lighthouseonline.com\/?s={search_term_string}"},"query-input":{"@type":"PropertyValueSpecification","valueRequired":true,"valueName":"search_term_string"}}],"inLanguage":"es"}]}},"rttpg_featured_image_url":null,"rttpg_author":{"display_name":"support","author_link":"https:\/\/www.lighthouseonline.com\/es\/author\/support\/"},"rttpg_comment":0,"rttpg_category":" <a href=\"https:\/\/www.lighthouseonline.com\/?taxonomy=translation_priority&#038;term=optional\" rel=\"tag\">Optional<\/a>","rttpg_excerpt":null,"_links":{"self":[{"href":"https:\/\/www.lighthouseonline.com\/es\/wp-json\/wp\/v2\/pages\/8726","targetHints":{"allow":["GET"]}}],"collection":[{"href":"https:\/\/www.lighthouseonline.com\/es\/wp-json\/wp\/v2\/pages"}],"about":[{"href":"https:\/\/www.lighthouseonline.com\/es\/wp-json\/wp\/v2\/types\/page"}],"author":[{"embeddable":true,"href":"https:\/\/www.lighthouseonline.com\/es\/wp-json\/wp\/v2\/users\/1"}],"replies":[{"embeddable":true,"href":"https:\/\/www.lighthouseonline.com\/es\/wp-json\/wp\/v2\/comments?post=8726"}],"version-history":[{"count":3,"href":"https:\/\/www.lighthouseonline.com\/es\/wp-json\/wp\/v2\/pages\/8726\/revisions"}],"predecessor-version":[{"id":12483,"href":"https:\/\/www.lighthouseonline.com\/es\/wp-json\/wp\/v2\/pages\/8726\/revisions\/12483"}],"wp:attachment":[{"href":"https:\/\/www.lighthouseonline.com\/es\/wp-json\/wp\/v2\/media?parent=8726"}],"curies":[{"name":"wp","href":"https:\/\/api.w.org\/{rel}","templated":true}]}}