{"id":11534,"date":"2017-09-12T19:52:00","date_gmt":"2017-09-12T19:52:00","guid":{"rendered":"https:\/\/lighthouseonline.com\/?page_id=11534\/"},"modified":"2022-01-12T13:21:04","modified_gmt":"2022-01-12T13:21:04","slug":"punta-cana","status":"publish","type":"page","link":"https:\/\/www.lighthouseonline.com\/pt-pt\/punta-cana\/","title":{"rendered":"Punta Cana"},"content":{"rendered":"<div id=\"cs-content\" class=\"cs-content\"><\/div>\n","protected":false},"excerpt":{"rendered":"<p>Punta CanaView this page in English Punta Cana\u2026 uma j\u00f3ia da Rep\u00fablica Dominicana. H\u00e1 d\u00e9cadas Punta Cana cresce em popularidade como um destino aonde se ir para confer\u00eancias, reuni\u00f5es e &#8230;<\/p>\n","protected":false},"author":6,"featured_media":0,"parent":0,"menu_order":0,"comment_status":"closed","ping_status":"closed","template":"template-blank-4.php","meta":{"content-type":"","footnotes":""},"class_list":["post-11534","page","type-page","status-publish","hentry","no-post-thumbnail"],"yoast_head":"<!-- This site is optimized with the Yoast SEO Premium plugin v27.2 (Yoast SEO v27.2) - https:\/\/yoast.com\/product\/yoast-seo-premium-wordpress\/ -->\n<title>Punta Cana | Lighthouse Translations<\/title>\n<meta name=\"robots\" content=\"index, follow, max-snippet:-1, max-image-preview:large, max-video-preview:-1\" \/>\n<link rel=\"canonical\" href=\"https:\/\/www.lighthouseonline.com\/pt-pt\/punta-cana\/\" \/>\n<meta property=\"og:locale\" content=\"pt_PT\" \/>\n<meta property=\"og:type\" content=\"article\" \/>\n<meta property=\"og:title\" content=\"Punta Cana\" \/>\n<meta property=\"og:description\" content=\"Punta CanaView this page in English Punta Cana\u2026 uma j\u00f3ia da Rep\u00fablica Dominicana. H\u00e1 d\u00e9cadas Punta Cana cresce em popularidade como um destino aonde se ir para confer\u00eancias, reuni\u00f5es e ...\" \/>\n<meta property=\"og:url\" content=\"https:\/\/www.lighthouseonline.com\/pt-pt\/punta-cana\/\" \/>\n<meta property=\"og:site_name\" content=\"Lighthouse Translations\" \/>\n<meta property=\"article:publisher\" content=\"https:\/\/www.facebook.com\/LighthouseTransations\/\" \/>\n<meta property=\"article:modified_time\" content=\"2022-01-12T13:21:04+00:00\" \/>\n<meta property=\"og:image\" content=\"https:\/\/lighthouseonline.com\/wp-content\/uploads\/2016\/08\/punta_cana.jpg\" \/>\n<meta name=\"twitter:card\" content=\"summary_large_image\" \/>\n<meta name=\"twitter:site\" content=\"@LHTranslations\" \/>\n<meta name=\"twitter:label1\" content=\"Tempo estimado de leitura\" \/>\n\t<meta name=\"twitter:data1\" content=\"5 minutos\" \/>\n<script type=\"application\/ld+json\" class=\"yoast-schema-graph\">{\"@context\":\"https:\/\/schema.org\",\"@graph\":[{\"@type\":\"WebPage\",\"@id\":\"https:\/\/www.lighthouseonline.com\/pt-pt\/punta-cana\/\",\"url\":\"https:\/\/www.lighthouseonline.com\/pt-pt\/punta-cana\/\",\"name\":\"Punta Cana | Lighthouse Translations\",\"isPartOf\":{\"@id\":\"https:\/\/www.lighthouseonline.com\/#website\"},\"primaryImageOfPage\":{\"@id\":\"https:\/\/www.lighthouseonline.com\/pt-pt\/punta-cana\/#primaryimage\"},\"image\":{\"@id\":\"https:\/\/www.lighthouseonline.com\/pt-pt\/punta-cana\/#primaryimage\"},\"thumbnailUrl\":\"https:\/\/lighthouseonline.com\/wp-content\/uploads\/2016\/08\/punta_cana.jpg\",\"datePublished\":\"2017-09-12T19:52:00+00:00\",\"dateModified\":\"2022-01-12T13:21:04+00:00\",\"breadcrumb\":{\"@id\":\"https:\/\/www.lighthouseonline.com\/pt-pt\/punta-cana\/#breadcrumb\"},\"inLanguage\":\"pt-PT\",\"potentialAction\":[{\"@type\":\"ReadAction\",\"target\":[\"https:\/\/www.lighthouseonline.com\/pt-pt\/punta-cana\/\"]}]},{\"@type\":\"ImageObject\",\"inLanguage\":\"pt-PT\",\"@id\":\"https:\/\/www.lighthouseonline.com\/pt-pt\/punta-cana\/#primaryimage\",\"url\":\"https:\/\/lighthouseonline.com\/wp-content\/uploads\/2016\/08\/punta_cana.jpg\",\"contentUrl\":\"https:\/\/lighthouseonline.com\/wp-content\/uploads\/2016\/08\/punta_cana.jpg\"},{\"@type\":\"BreadcrumbList\",\"@id\":\"https:\/\/www.lighthouseonline.com\/pt-pt\/punta-cana\/#breadcrumb\",\"itemListElement\":[{\"@type\":\"ListItem\",\"position\":1,\"name\":\"Home\",\"item\":\"https:\/\/www.lighthouseonline.com\/\"},{\"@type\":\"ListItem\",\"position\":2,\"name\":\"Punta Cana\"}]},{\"@type\":\"WebSite\",\"@id\":\"https:\/\/www.lighthouseonline.com\/#website\",\"url\":\"https:\/\/www.lighthouseonline.com\/\",\"name\":\"Lighthouse Translations\",\"description\":\"Translations &amp; Interpretations\",\"potentialAction\":[{\"@type\":\"SearchAction\",\"target\":{\"@type\":\"EntryPoint\",\"urlTemplate\":\"https:\/\/www.lighthouseonline.com\/?s={search_term_string}\"},\"query-input\":{\"@type\":\"PropertyValueSpecification\",\"valueRequired\":true,\"valueName\":\"search_term_string\"}}],\"inLanguage\":\"pt-PT\"}]}<\/script>\n<!-- \/ Yoast SEO Premium plugin. -->","yoast_head_json":{"title":"Punta Cana | Lighthouse Translations","robots":{"index":"index","follow":"follow","max-snippet":"max-snippet:-1","max-image-preview":"max-image-preview:large","max-video-preview":"max-video-preview:-1"},"canonical":"https:\/\/www.lighthouseonline.com\/pt-pt\/punta-cana\/","og_locale":"pt_PT","og_type":"article","og_title":"Punta Cana","og_description":"Punta CanaView this page in English Punta Cana\u2026 uma j\u00f3ia da Rep\u00fablica Dominicana. H\u00e1 d\u00e9cadas Punta Cana cresce em popularidade como um destino aonde se ir para confer\u00eancias, reuni\u00f5es e ...","og_url":"https:\/\/www.lighthouseonline.com\/pt-pt\/punta-cana\/","og_site_name":"Lighthouse Translations","article_publisher":"https:\/\/www.facebook.com\/LighthouseTransations\/","article_modified_time":"2022-01-12T13:21:04+00:00","og_image":[{"url":"https:\/\/lighthouseonline.com\/wp-content\/uploads\/2016\/08\/punta_cana.jpg","type":"","width":"","height":""}],"twitter_card":"summary_large_image","twitter_site":"@LHTranslations","twitter_misc":{"Tempo estimado de leitura":"5 minutos"},"schema":{"@context":"https:\/\/schema.org","@graph":[{"@type":"WebPage","@id":"https:\/\/www.lighthouseonline.com\/pt-pt\/punta-cana\/","url":"https:\/\/www.lighthouseonline.com\/pt-pt\/punta-cana\/","name":"Punta Cana | Lighthouse Translations","isPartOf":{"@id":"https:\/\/www.lighthouseonline.com\/#website"},"primaryImageOfPage":{"@id":"https:\/\/www.lighthouseonline.com\/pt-pt\/punta-cana\/#primaryimage"},"image":{"@id":"https:\/\/www.lighthouseonline.com\/pt-pt\/punta-cana\/#primaryimage"},"thumbnailUrl":"https:\/\/lighthouseonline.com\/wp-content\/uploads\/2016\/08\/punta_cana.jpg","datePublished":"2017-09-12T19:52:00+00:00","dateModified":"2022-01-12T13:21:04+00:00","breadcrumb":{"@id":"https:\/\/www.lighthouseonline.com\/pt-pt\/punta-cana\/#breadcrumb"},"inLanguage":"pt-PT","potentialAction":[{"@type":"ReadAction","target":["https:\/\/www.lighthouseonline.com\/pt-pt\/punta-cana\/"]}]},{"@type":"ImageObject","inLanguage":"pt-PT","@id":"https:\/\/www.lighthouseonline.com\/pt-pt\/punta-cana\/#primaryimage","url":"https:\/\/lighthouseonline.com\/wp-content\/uploads\/2016\/08\/punta_cana.jpg","contentUrl":"https:\/\/lighthouseonline.com\/wp-content\/uploads\/2016\/08\/punta_cana.jpg"},{"@type":"BreadcrumbList","@id":"https:\/\/www.lighthouseonline.com\/pt-pt\/punta-cana\/#breadcrumb","itemListElement":[{"@type":"ListItem","position":1,"name":"Home","item":"https:\/\/www.lighthouseonline.com\/"},{"@type":"ListItem","position":2,"name":"Punta Cana"}]},{"@type":"WebSite","@id":"https:\/\/www.lighthouseonline.com\/#website","url":"https:\/\/www.lighthouseonline.com\/","name":"Lighthouse Translations","description":"Translations &amp; Interpretations","potentialAction":[{"@type":"SearchAction","target":{"@type":"EntryPoint","urlTemplate":"https:\/\/www.lighthouseonline.com\/?s={search_term_string}"},"query-input":{"@type":"PropertyValueSpecification","valueRequired":true,"valueName":"search_term_string"}}],"inLanguage":"pt-PT"}]}},"rttpg_featured_image_url":null,"rttpg_author":{"display_name":"Luis M\u00e9ndez","author_link":"https:\/\/www.lighthouseonline.com\/pt-pt\/author\/luis4wc\/"},"rttpg_comment":0,"rttpg_category":" <a href=\"https:\/\/www.lighthouseonline.com\/?taxonomy=translation_priority&#038;term=optional\" rel=\"tag\">Optional<\/a>","rttpg_excerpt":"Punta CanaView this page in English Punta Cana\u2026 uma j\u00f3ia da Rep\u00fablica Dominicana. H\u00e1 d\u00e9cadas Punta Cana cresce em popularidade como um destino aonde se ir para confer\u00eancias, reuni\u00f5es e ...","_links":{"self":[{"href":"https:\/\/www.lighthouseonline.com\/pt-pt\/wp-json\/wp\/v2\/pages\/11534","targetHints":{"allow":["GET"]}}],"collection":[{"href":"https:\/\/www.lighthouseonline.com\/pt-pt\/wp-json\/wp\/v2\/pages"}],"about":[{"href":"https:\/\/www.lighthouseonline.com\/pt-pt\/wp-json\/wp\/v2\/types\/page"}],"author":[{"embeddable":true,"href":"https:\/\/www.lighthouseonline.com\/pt-pt\/wp-json\/wp\/v2\/users\/6"}],"replies":[{"embeddable":true,"href":"https:\/\/www.lighthouseonline.com\/pt-pt\/wp-json\/wp\/v2\/comments?post=11534"}],"version-history":[{"count":3,"href":"https:\/\/www.lighthouseonline.com\/pt-pt\/wp-json\/wp\/v2\/pages\/11534\/revisions"}],"predecessor-version":[{"id":13719,"href":"https:\/\/www.lighthouseonline.com\/pt-pt\/wp-json\/wp\/v2\/pages\/11534\/revisions\/13719"}],"wp:attachment":[{"href":"https:\/\/www.lighthouseonline.com\/pt-pt\/wp-json\/wp\/v2\/media?parent=11534"}],"curies":[{"name":"wp","href":"https:\/\/api.w.org\/{rel}","templated":true}]}}